{"id":605,"date":"2025-12-19T08:39:04","date_gmt":"2025-12-19T08:39:04","guid":{"rendered":"https:\/\/melkekannen.no\/?page_id=605"},"modified":"2025-12-19T15:38:15","modified_gmt":"2025-12-19T15:38:15","slug":"kontakt","status":"publish","type":"page","link":"https:\/\/melkekannen.no\/se\/kontakt\/","title":{"rendered":"Kontakt"},"content":{"rendered":"\n<div class=\"wp-block-group alignfull has-global-padding is-layout-constrained wp-block-group-is-layout-constrained\" style=\"min-height:105px;padding-top:0;padding-bottom:0\">\n<div class=\"wp-block-group alignfull fixed-menu has-background is-content-justification-space-between is-nowrap is-layout-flex wp-container-core-group-is-layout-b8e0f10f wp-block-group-is-layout-flex\" style=\"background-color:#ffffffde;padding-top:11px;padding-right:var(--wp--preset--spacing--50);padding-bottom:16px\"><div class=\"wp-block-site-logo\"><a href=\"https:\/\/melkekannen.no\/se\/\" class=\"custom-logo-link\" rel=\"home\"><img loading=\"lazy\" decoding=\"async\" width=\"250\" height=\"250\" src=\"https:\/\/melkekannen.no\/se\/wp-content\/uploads\/sites\/3\/2025\/12\/Melkekannen-logo-left-align.svg\" class=\"custom-logo\" alt=\"Melkekannen Sverige\" \/><\/a><\/div>\n\n\n<div class=\"wp-block-group is-nowrap is-layout-flex wp-container-core-group-is-layout-821eebcd wp-block-group-is-layout-flex\" style=\"padding-top:2px;padding-bottom:0\"><nav style=\"font-style:normal;font-weight:400;\" class=\"has-medium-font-size is-responsive items-justified-left mainmenu wp-block-navigation is-content-justification-left is-layout-flex wp-container-core-navigation-is-layout-1a41cf02 wp-block-navigation-is-layout-flex\" aria-label=\"Huvudmeny\" \n\t\t data-wp-interactive=\"core\/navigation\" data-wp-context='{\"overlayOpenedBy\":{\"click\":false,\"hover\":false,\"focus\":false},\"type\":\"overlay\",\"roleAttribute\":\"\",\"ariaLabel\":\"Meny\"}'><button aria-haspopup=\"dialog\" aria-label=\"\u00d6ppna meny\" class=\"wp-block-navigation__responsive-container-open\" \n\t\t\t\tdata-wp-on--click=\"actions.openMenuOnClick\"\n\t\t\t\tdata-wp-on--keydown=\"actions.handleMenuKeydown\"\n\t\t\t><svg width=\"24\" height=\"24\" xmlns=\"http:\/\/www.w3.org\/2000\/svg\" viewBox=\"0 0 24 24\" aria-hidden=\"true\" focusable=\"false\"><path d=\"M4 7.5h16v1.5H4z\"><\/path><path d=\"M4 15h16v1.5H4z\"><\/path><\/svg><\/button>\n\t\t\t\t<div class=\"wp-block-navigation__responsive-container  has-text-color has-contrast-color has-background has-base-background-color\"  id=\"modal-1\" \n\t\t\t\tdata-wp-class--has-modal-open=\"state.isMenuOpen\"\n\t\t\t\tdata-wp-class--is-menu-open=\"state.isMenuOpen\"\n\t\t\t\tdata-wp-watch=\"callbacks.initMenu\"\n\t\t\t\tdata-wp-on--keydown=\"actions.handleMenuKeydown\"\n\t\t\t\tdata-wp-on--focusout=\"actions.handleMenuFocusout\"\n\t\t\t\ttabindex=\"-1\"\n\t\t\t>\n\t\t\t\t\t<div class=\"wp-block-navigation__responsive-close\" tabindex=\"-1\">\n\t\t\t\t\t\t<div class=\"wp-block-navigation__responsive-dialog\" \n\t\t\t\tdata-wp-bind--aria-modal=\"state.ariaModal\"\n\t\t\t\tdata-wp-bind--aria-label=\"state.ariaLabel\"\n\t\t\t\tdata-wp-bind--role=\"state.roleAttribute\"\n\t\t\t>\n\t\t\t\t\t\t\t<button aria-label=\"St\u00e4ng meny\" class=\"wp-block-navigation__responsive-container-close\" \n\t\t\t\tdata-wp-on--click=\"actions.closeMenuOnClick\"\n\t\t\t><svg xmlns=\"http:\/\/www.w3.org\/2000\/svg\" viewBox=\"0 0 24 24\" width=\"24\" height=\"24\" aria-hidden=\"true\" focusable=\"false\"><path d=\"m13.06 12 6.47-6.47-1.06-1.06L12 10.94 5.53 4.47 4.47 5.53 10.94 12l-6.47 6.47 1.06 1.06L12 13.06l6.47 6.47 1.06-1.06L13.06 12Z\"><\/path><\/svg><\/button>\n\t\t\t\t\t\t\t<div class=\"wp-block-navigation__responsive-container-content\" \n\t\t\t\tdata-wp-watch=\"callbacks.focusFirstElement\"\n\t\t\t id=\"modal-1-content\">\n\t\t\t\t\t\t\t\t<ul style=\"font-style:normal;font-weight:400;\" class=\"wp-block-navigation__container has-medium-font-size is-responsive items-justified-left mainmenu wp-block-navigation has-medium-font-size\"><li class=\"has-medium-font-size wp-block-navigation-item wp-block-navigation-link\"><a class=\"wp-block-navigation-item__content\"  href=\"https:\/\/melkekannen.no\/se\/\"><span class=\"wp-block-navigation-item__label\">Hem<\/span><\/a><\/li><li class=\"has-medium-font-size wp-block-navigation-item wp-block-navigation-link\"><a class=\"wp-block-navigation-item__content\"  href=\"https:\/\/melkekannen.no\/se\/projekt\/\"><span class=\"wp-block-navigation-item__label\">Projekt<\/span><\/a><\/li><li class=\"has-medium-font-size wp-block-navigation-item wp-block-navigation-link\"><a class=\"wp-block-navigation-item__content\"  href=\"https:\/\/melkekannen.no\/se\/kontakt\/\"><span class=\"wp-block-navigation-item__label\">Kontakt<\/span><\/a><\/li><li class=\"has-medium-font-size wp-block-navigation-item wp-block-navigation-link\"><a class=\"wp-block-navigation-item__content\"  href=\"https:\/\/melkekannen.no\/se\/om\/\"><span class=\"wp-block-navigation-item__label\">Om<\/span><\/a><\/li><\/ul>\n\t\t\t\t\t\t\t<\/div>\n\t\t\t\t\t\t<\/div>\n\t\t\t\t\t<\/div>\n\t\t\t\t<\/div><\/nav>\n\n<a href=\"https:\/\/melkekannen.no\/en\/\" title=\"en_GB\"><img decoding=\"async\" src=\"https:\/\/melkekannen.no\/se\/wp-content\/plugins\/multisite-language-switcher\/assets\/flags\/gb.png\" alt=\"en_GB\"\/><\/a><a href=\"https:\/\/melkekannen.no\/\" title=\"nb_NO\"><img decoding=\"async\" src=\"https:\/\/melkekannen.no\/se\/wp-content\/plugins\/multisite-language-switcher\/assets\/flags\/no.png\" alt=\"nb_NO\"\/><\/a><\/div>\n<\/div>\n<\/div>\n\n\n\n<div style=\"height:60px\" aria-hidden=\"true\" class=\"wp-block-spacer\"><\/div>\n\n\n\n<h2 class=\"wp-block-heading has-text-align-left\" style=\"font-size:clamp(3.234rem, 3.234rem + ((1vw - 0.2rem) * 5.123), 6.5rem);font-style:normal;font-weight:700;letter-spacing:-0.03em;line-height:1.4\">Hall\u00e5<\/h2>\n\n\n\n<p class=\"is-style-text-subtitle has-large-font-size is-style-text-subtitle--2\">Trevligt att tr\u00e4ffas! Tveka inte att h\u00f6ra av dig om du har fr\u00e5gor eller \u00e4r intresserad.<\/p>\n\n\n\n<p class=\"has-large-font-size\"><strong>Ha det fint!<\/strong><\/p>\n\n\n\n<div style=\"height:41px\" aria-hidden=\"true\" class=\"wp-block-spacer\"><\/div>\n\n\n\n<div class=\"wp-block-group has-medium-font-size has-global-padding is-layout-constrained wp-block-group-is-layout-constrained\"><a href=\"mailto:da&#118;&#105;d&#64;&#109;&#101;lkekan&#110;en.no\" title=\"da&#118;&#105;d&#64;&#109;&#101;lkekan&#110;en.no\" class=\"button-big\">da&#118;&#105;d&#64;&#109;&#101;lkekan&#110;en.no<\/a>\n<\/div>\n\n\n\n<div style=\"height:140px;width:0px\" aria-hidden=\"true\" class=\"wp-block-spacer\"><\/div>\n\n\n\n<div class=\"wp-block-group alignfull footer has-global-padding is-layout-constrained wp-container-core-group-is-layout-f8ba8f42 wp-block-group-is-layout-constrained\" style=\"margin-top:0;margin-bottom:0;padding-top:0;padding-right:0;padding-bottom:0;padding-left:0\">\n<div class=\"wp-block-group alignfull has-contrast-background-color has-background is-content-justification-space-between is-nowrap is-layout-flex wp-container-core-group-is-layout-7c239bb2 wp-block-group-is-layout-flex\" style=\"padding-top:var(--wp--preset--spacing--60);padding-right:var(--wp--preset--spacing--80);padding-bottom:var(--wp--preset--spacing--60);padding-left:var(--wp--preset--spacing--50)\">\n<div class=\"wp-block-group alignwide is-nowrap is-layout-flex wp-container-core-group-is-layout-6c531013 wp-block-group-is-layout-flex\">\n<figure class=\"wp-block-image alignright size-large is-resized\"><img loading=\"lazy\" decoding=\"async\" width=\"100\" height=\"100\" src=\"https:\/\/melkekannen.no\/se\/wp-content\/uploads\/2025\/04\/melkekannan-logo-white.svg\" alt=\"\" class=\"wp-image-158\" style=\"width:113px;height:auto\"\/><\/figure>\n\n\n\n<div class=\"wp-block-group is-vertical is-content-justification-stretch is-layout-flex wp-container-core-group-is-layout-353c4f5a wp-block-group-is-layout-flex\">\n<p class=\"is-style-text-subtitle has-base-color has-text-color has-link-color has-medium-font-size wp-elements-519b7b685f71695f476afa9d696b389a is-style-text-subtitle--3\" style=\"font-style:normal;font-weight:700;line-height:0.9\">Melkekannen Fjellhytter AS<\/p>\n\n\n\n<p class=\"is-style-text-subtitle has-base-color has-text-color has-link-color has-small-font-size wp-elements-b6046b760ffaf99d9fff78b03e71d431 is-style-text-subtitle--4\">Sam Eydes Gate 120<br>3660 Rjukan<\/p>\n<\/div>\n<\/div>\n\n\n\n<div class=\"wp-block-group alignwide is-nowrap is-layout-flex wp-container-core-group-is-layout-6c531013 wp-block-group-is-layout-flex\"><nav style=\"font-style:normal;font-weight:400;\" class=\"has-text-color has-base-color has-medium-font-size is-responsive  is-vertical footermenu wp-block-navigation is-layout-flex wp-container-core-navigation-is-layout-19f202c9 wp-block-navigation-is-layout-flex\" aria-label=\"Huvudmeny 2\" \n\t\t data-wp-interactive=\"core\/navigation\" data-wp-context='{\"overlayOpenedBy\":{\"click\":false,\"hover\":false,\"focus\":false},\"type\":\"overlay\",\"roleAttribute\":\"\",\"ariaLabel\":\"Meny\"}'><button aria-haspopup=\"dialog\" aria-label=\"\u00d6ppna meny\" class=\"wp-block-navigation__responsive-container-open\" \n\t\t\t\tdata-wp-on--click=\"actions.openMenuOnClick\"\n\t\t\t\tdata-wp-on--keydown=\"actions.handleMenuKeydown\"\n\t\t\t><svg width=\"24\" height=\"24\" xmlns=\"http:\/\/www.w3.org\/2000\/svg\" viewBox=\"0 0 24 24\" aria-hidden=\"true\" focusable=\"false\"><path d=\"M4 7.5h16v1.5H4z\"><\/path><path d=\"M4 15h16v1.5H4z\"><\/path><\/svg><\/button>\n\t\t\t\t<div class=\"wp-block-navigation__responsive-container  has-text-color has-contrast-color has-background has-base-background-color\"  id=\"modal-5\" \n\t\t\t\tdata-wp-class--has-modal-open=\"state.isMenuOpen\"\n\t\t\t\tdata-wp-class--is-menu-open=\"state.isMenuOpen\"\n\t\t\t\tdata-wp-watch=\"callbacks.initMenu\"\n\t\t\t\tdata-wp-on--keydown=\"actions.handleMenuKeydown\"\n\t\t\t\tdata-wp-on--focusout=\"actions.handleMenuFocusout\"\n\t\t\t\ttabindex=\"-1\"\n\t\t\t>\n\t\t\t\t\t<div class=\"wp-block-navigation__responsive-close\" tabindex=\"-1\">\n\t\t\t\t\t\t<div class=\"wp-block-navigation__responsive-dialog\" \n\t\t\t\tdata-wp-bind--aria-modal=\"state.ariaModal\"\n\t\t\t\tdata-wp-bind--aria-label=\"state.ariaLabel\"\n\t\t\t\tdata-wp-bind--role=\"state.roleAttribute\"\n\t\t\t>\n\t\t\t\t\t\t\t<button aria-label=\"St\u00e4ng meny\" class=\"wp-block-navigation__responsive-container-close\" \n\t\t\t\tdata-wp-on--click=\"actions.closeMenuOnClick\"\n\t\t\t><svg xmlns=\"http:\/\/www.w3.org\/2000\/svg\" viewBox=\"0 0 24 24\" width=\"24\" height=\"24\" aria-hidden=\"true\" focusable=\"false\"><path d=\"m13.06 12 6.47-6.47-1.06-1.06L12 10.94 5.53 4.47 4.47 5.53 10.94 12l-6.47 6.47 1.06 1.06L12 13.06l6.47 6.47 1.06-1.06L13.06 12Z\"><\/path><\/svg><\/button>\n\t\t\t\t\t\t\t<div class=\"wp-block-navigation__responsive-container-content\" \n\t\t\t\tdata-wp-watch=\"callbacks.focusFirstElement\"\n\t\t\t id=\"modal-5-content\">\n\t\t\t\t\t\t\t\t<ul style=\"font-style:normal;font-weight:400;\" class=\"wp-block-navigation__container has-text-color has-base-color has-medium-font-size is-responsive  is-vertical footermenu wp-block-navigation has-medium-font-size\"><li class=\"has-medium-font-size wp-block-navigation-item wp-block-navigation-link\"><a class=\"wp-block-navigation-item__content\"  href=\"https:\/\/melkekannen.no\/se\/\"><span class=\"wp-block-navigation-item__label\">Hem<\/span><\/a><\/li><li class=\"has-medium-font-size wp-block-navigation-item wp-block-navigation-link\"><a class=\"wp-block-navigation-item__content\"  href=\"https:\/\/melkekannen.no\/se\/projekt\/\"><span class=\"wp-block-navigation-item__label\">Projekt<\/span><\/a><\/li><li class=\"has-medium-font-size wp-block-navigation-item wp-block-navigation-link\"><a class=\"wp-block-navigation-item__content\"  href=\"https:\/\/melkekannen.no\/se\/kontakt\/\"><span class=\"wp-block-navigation-item__label\">Kontakt<\/span><\/a><\/li><li class=\"has-medium-font-size wp-block-navigation-item wp-block-navigation-link\"><a class=\"wp-block-navigation-item__content\"  href=\"https:\/\/melkekannen.no\/se\/om\/\"><span class=\"wp-block-navigation-item__label\">Om<\/span><\/a><\/li><\/ul>\n\t\t\t\t\t\t\t<\/div>\n\t\t\t\t\t\t<\/div>\n\t\t\t\t\t<\/div>\n\t\t\t\t<\/div><\/nav><\/div>\n<\/div>\n<\/div>\n","protected":false},"excerpt":{"rendered":"<p>Hall\u00e5 Trevligt att tr\u00e4ffas! Tveka inte att h\u00f6ra av dig om du har fr\u00e5gor eller \u00e4r intresserad. Ha det fint!<\/p>\n","protected":false},"author":1,"featured_media":0,"parent":0,"menu_order":5,"comment_status":"closed","ping_status":"closed","template":"empty","meta":{"inline_featured_image":false,"footnotes":""},"class_list":["post-605","page","type-page","status-publish","hentry"],"_links":{"self":[{"href":"https:\/\/melkekannen.no\/se\/wp-json\/wp\/v2\/pages\/605","targetHints":{"allow":["GET"]}}],"collection":[{"href":"https:\/\/melkekannen.no\/se\/wp-json\/wp\/v2\/pages"}],"about":[{"href":"https:\/\/melkekannen.no\/se\/wp-json\/wp\/v2\/types\/page"}],"author":[{"embeddable":true,"href":"https:\/\/melkekannen.no\/se\/wp-json\/wp\/v2\/users\/1"}],"replies":[{"embeddable":true,"href":"https:\/\/melkekannen.no\/se\/wp-json\/wp\/v2\/comments?post=605"}],"version-history":[{"count":5,"href":"https:\/\/melkekannen.no\/se\/wp-json\/wp\/v2\/pages\/605\/revisions"}],"predecessor-version":[{"id":753,"href":"https:\/\/melkekannen.no\/se\/wp-json\/wp\/v2\/pages\/605\/revisions\/753"}],"wp:attachment":[{"href":"https:\/\/melkekannen.no\/se\/wp-json\/wp\/v2\/media?parent=605"}],"curies":[{"name":"wp","href":"https:\/\/api.w.org\/{rel}","templated":true}]}}