{"id":659,"date":"2025-12-19T10:35:01","date_gmt":"2025-12-19T10:35:01","guid":{"rendered":"https:\/\/melkekannen.no\/?page_id=659"},"modified":"2025-12-19T15:00:30","modified_gmt":"2025-12-19T15:00:30","slug":"vintergatan","status":"publish","type":"page","link":"https:\/\/melkekannen.no\/se\/projekt\/vintergatan\/","title":{"rendered":"Vintergatan"},"content":{"rendered":"\n<div class=\"wp-block-cover alignfull has-parallax has-custom-content-position is-position-top-center\" style=\"margin-top:0;margin-bottom:0;padding-top:0;padding-bottom:0;min-height:100vh;aspect-ratio:unset;\"><div class=\"wp-block-cover__image-background wp-image-687 size-full has-parallax\" style=\"background-position:50% 50%;background-image:url(https:\/\/melkekannen.no\/se\/wp-content\/uploads\/sites\/3\/2025\/12\/ChatGPT-Image-26-sep.-2025-10_15_44.png)\"><\/div><span aria-hidden=\"true\" class=\"wp-block-cover__background has-contrast-background-color has-background-dim-40 has-background-dim\"><\/span><div class=\"wp-block-cover__inner-container has-global-padding is-layout-constrained wp-container-core-cover-is-layout-74d9ec14 wp-block-cover-is-layout-constrained\">\n<div class=\"wp-block-group alignfull fixed has-global-padding is-content-justification-right is-layout-constrained wp-container-core-group-is-layout-cce0068c wp-block-group-is-layout-constrained wp-container-1 is-position-sticky\" style=\"padding-top:var(--wp--preset--spacing--30);padding-right:var(--wp--preset--spacing--40);padding-bottom:var(--wp--preset--spacing--30);padding-left:var(--wp--preset--spacing--40)\">\n<div class=\"wp-block-buttons is-content-justification-right is-layout-flex wp-container-core-buttons-is-layout-d445cf74 wp-block-buttons-is-layout-flex\">\n<div class=\"wp-block-button\"><a class=\"wp-block-button__link has-small-font-size has-custom-font-size wp-element-button\" href=\"https:\/\/melkekannen.no\/se\/\" style=\"padding-top:6px;padding-right:var(--wp--preset--spacing--30);padding-bottom:6px;padding-left:var(--wp--preset--spacing--30)\">Hem<\/a><\/div>\n<\/div>\n<\/div>\n\n\n\n<div style=\"height:260px\" aria-hidden=\"true\" class=\"wp-block-spacer\"><\/div>\n\n\n\n<div class=\"wp-block-group alignwide has-global-padding is-layout-constrained wp-block-group-is-layout-constrained\">\n<p class=\"has-text-align-center has-x-large-font-size\" style=\"line-height:1.8\">PROJEKT<\/p>\n\n\n\n<p class=\"has-text-align-center\" style=\"font-size:clamp(2.629rem, 2.629rem + ((1vw - 0.2rem) * 3.719), 5rem);font-style:normal;font-weight:900;line-height:0.2\">VINTERGATAN<\/p>\n\n\n\n<p class=\"has-text-align-center\" style=\"font-size:clamp(4.509rem, 4.509rem + ((1vw - 0.2rem) * 8.613), 10rem);line-height:0.2\">\u2014<\/p>\n\n\n\n<p class=\"has-text-align-center has-x-large-font-size\" style=\"margin-top:var(--wp--preset--spacing--60);margin-bottom:var(--wp--preset--spacing--60);font-style:normal;font-weight:500\">D\u00e4r fj\u00e4llet m\u00f6ter stj\u00e4rnorna<\/p>\n<\/div>\n<\/div><\/div>\n\n\n\n<div class=\"wp-block-group has-global-padding is-layout-constrained wp-block-group-is-layout-constrained\">\n<h2 class=\"wp-block-heading alignwide has-text-align-center has-contrast-color has-text-color has-link-color has-xx-large-font-size wp-elements-5bcb3fe8b6d44291808d97df9580ff3b\" style=\"margin-top:0;margin-right:0;margin-left:var(--wp--preset--spacing--80);padding-top:var(--wp--preset--spacing--70);padding-right:0;padding-bottom:var(--wp--preset--spacing--20);padding-left:0;font-style:normal;font-weight:700;line-height:1.2\">Tv\u00e5 stj\u00e4rnor. Tv\u00e5 hytter.<\/h2>\n\n\n\n<p class=\"has-text-align-center is-style-default has-x-large-font-size\" style=\"margin-top:var(--wp--preset--spacing--40);margin-right:0;margin-bottom:var(--wp--preset--spacing--70);font-style:normal;font-weight:500;line-height:1.2\">Genomt\u00e4nkta bost\u00e4der med \u00e4kta stugk\u00e4nsla. Bokstavligen v\u00e4gg i v\u00e4gg med backen och centralt bel\u00e4gna i Hovdestaul, Gausta. H\u00e4r kan dr\u00f6mmar bli verklighet och minnen skapas.<\/p>\n<\/div>\n\n\n\n<div style=\"height:53px\" aria-hidden=\"true\" class=\"wp-block-spacer\"><\/div>\n\n\n\n<div class=\"wp-block-cover alignfull\" style=\"margin-top:0;margin-bottom:0;padding-top:var(--wp--preset--spacing--60);padding-bottom:var(--wp--preset--spacing--60)\"><img loading=\"lazy\" decoding=\"async\" width=\"1024\" height=\"576\" sizes=\"auto, (max-width: 799px) 200vw, (max-width: 2560px) 100vw, 2560px\" class=\"wp-block-cover__image-background wp-image-93 size-large\" alt=\"\" src=\"https:\/\/melkekannen.no\/se\/wp-content\/uploads\/2025\/04\/pexels-digitech-1438761-scaled-1-1024x576.jpg\" data-object-fit=\"cover\" srcset=\"https:\/\/melkekannen.no\/se\/wp-content\/uploads\/sites\/3\/2025\/04\/pexels-digitech-1438761-scaled-1-1024x576.jpg 1024w, https:\/\/melkekannen.no\/se\/wp-content\/uploads\/sites\/3\/2025\/04\/pexels-digitech-1438761-scaled-1-300x169.jpg 300w, https:\/\/melkekannen.no\/se\/wp-content\/uploads\/sites\/3\/2025\/04\/pexels-digitech-1438761-scaled-1-768x432.jpg 768w, https:\/\/melkekannen.no\/se\/wp-content\/uploads\/sites\/3\/2025\/04\/pexels-digitech-1438761-scaled-1-1536x864.jpg 1536w, https:\/\/melkekannen.no\/se\/wp-content\/uploads\/sites\/3\/2025\/04\/pexels-digitech-1438761-scaled-1-2048x1152.jpg 2048w\" \/><span aria-hidden=\"true\" class=\"wp-block-cover__background has-contrast-background-color has-background-dim-60 has-background-dim\"><\/span><div class=\"wp-block-cover__inner-container has-global-padding is-layout-constrained wp-block-cover-is-layout-constrained\">\n<p class=\"has-text-align-center is-style-text-display has-base-color has-text-color has-link-color has-xx-large-font-size wp-elements-f29fb6c2c23383a2a43c57b2134f3dbf is-style-text-display--2\" style=\"font-style:normal;font-weight:700;line-height:1\">Nyfiken? <\/p>\n\n\n\n<p class=\"has-text-align-center has-base-color has-text-color has-link-color wp-elements-93cfa6d102742f552469132b623a09ea\" style=\"font-style:normal;font-weight:100;line-height:1.2\">Sugen p\u00e5 en egen bostad i fantastiska Gausta? Kontakta oss s\u00e5 ber\u00e4ttar vi mer.<\/p>\n\n\n\n<div style=\"height:16px\" aria-hidden=\"true\" class=\"wp-block-spacer\"><\/div>\n\n\n\n<p class=\"has-text-align-center is-style-text-display has-base-color has-text-color has-link-color has-large-font-size wp-elements-c179f6768b2ec0dbb32e02b3343ed1ed is-style-text-display--3\" style=\"font-style:normal;font-weight:700;line-height:0.8\">David Ekstr\u00f6m <\/p>\n\n\n\n<p class=\"has-text-align-center is-style-text-display has-base-color has-text-color has-link-color has-medium-font-size wp-elements-d404f14232a8a5f38c840e2187ee585d is-style-text-display--4\" style=\"font-style:normal;font-weight:500;line-height:0.8\">+46 73 40 40 888<br><\/p>\n\n\n\n<p class=\"has-text-align-center is-style-text-display has-base-color has-text-color has-link-color has-x-large-font-size wp-elements-341967af5d2f60cc9699d1ccfbf935c8 is-style-text-display--5\" style=\"font-style:normal;font-weight:700;line-height:0.8\">vintergatan@melkekannen.no<\/p>\n<\/div><\/div>\n\n\n\n<div class=\"wp-block-group alignfull has-background-color has-white-color has-black-background-color has-text-color has-background has-link-color wp-elements-0398bc64b0d2188172bed1d9fb2685ad is-vertical is-content-justification-stretch is-layout-flex wp-container-core-group-is-layout-48a3dbfb wp-block-group-is-layout-flex\" style=\"min-height:40vh;margin-top:0;margin-bottom:0;padding-top:var(--wp--preset--spacing--60);padding-right:var(--wp--preset--spacing--40);padding-bottom:var(--wp--preset--spacing--60);padding-left:var(--wp--preset--spacing--40)\">\n<div class=\"wp-block-columns alignwide has-small-font-size is-layout-flex wp-container-core-columns-is-layout-d0b3c9c8 wp-block-columns-is-layout-flex\">\n<div class=\"wp-block-column is-style-default is-layout-flow wp-block-column-is-layout-flow\">\n<figure class=\"wp-block-image aligncenter size-large is-resized\" style=\"margin-top:var(--wp--preset--spacing--20);margin-bottom:var(--wp--preset--spacing--20)\"><img loading=\"lazy\" decoding=\"async\" width=\"100\" height=\"100\" src=\"https:\/\/melkekannen.no\/se\/wp-content\/uploads\/2025\/04\/melkekannan-logo-white.svg\" alt=\"\" class=\"wp-image-158\" style=\"width:45px;height:auto\"\/><\/figure>\n\n\n\n<p class=\"has-text-align-center\" style=\"margin-top:0;margin-bottom:0;font-style:normal;font-weight:800;line-height:1\">MELKEKANNEN<\/p>\n\n\n\n<p class=\"has-text-align-center\" style=\"margin-top:0;margin-bottom:0;font-style:normal;font-weight:300;line-height:1\">FJELLHYTTER<\/p>\n<\/div>\n<\/div>\n<\/div>\n","protected":false},"excerpt":{"rendered":"<p>Tv\u00e5 stj\u00e4rnor. Tv\u00e5 hytter. Genomt\u00e4nkta bost\u00e4der med \u00e4kta stugk\u00e4nsla. Bokstavligen v\u00e4gg i v\u00e4gg med backen och centralt bel\u00e4gna i Hovdestaul, Gausta. H\u00e4r kan dr\u00f6mmar bli verklighet och minnen skapas. MELKEKANNEN FJELLHYTTER<\/p>\n","protected":false},"author":1,"featured_media":0,"parent":697,"menu_order":2,"comment_status":"closed","ping_status":"closed","template":"empty","meta":{"inline_featured_image":false,"footnotes":""},"class_list":["post-659","page","type-page","status-publish","hentry"],"_links":{"self":[{"href":"https:\/\/melkekannen.no\/se\/wp-json\/wp\/v2\/pages\/659","targetHints":{"allow":["GET"]}}],"collection":[{"href":"https:\/\/melkekannen.no\/se\/wp-json\/wp\/v2\/pages"}],"about":[{"href":"https:\/\/melkekannen.no\/se\/wp-json\/wp\/v2\/types\/page"}],"author":[{"embeddable":true,"href":"https:\/\/melkekannen.no\/se\/wp-json\/wp\/v2\/users\/1"}],"replies":[{"embeddable":true,"href":"https:\/\/melkekannen.no\/se\/wp-json\/wp\/v2\/comments?post=659"}],"version-history":[{"count":4,"href":"https:\/\/melkekannen.no\/se\/wp-json\/wp\/v2\/pages\/659\/revisions"}],"predecessor-version":[{"id":746,"href":"https:\/\/melkekannen.no\/se\/wp-json\/wp\/v2\/pages\/659\/revisions\/746"}],"up":[{"embeddable":true,"href":"https:\/\/melkekannen.no\/se\/wp-json\/wp\/v2\/pages\/697"}],"wp:attachment":[{"href":"https:\/\/melkekannen.no\/se\/wp-json\/wp\/v2\/media?parent=659"}],"curies":[{"name":"wp","href":"https:\/\/api.w.org\/{rel}","templated":true}]}}