{"id":697,"date":"2025-12-18T09:31:43","date_gmt":"2025-12-18T09:31:43","guid":{"rendered":"https:\/\/melkekannen.no\/?page_id=561"},"modified":"2025-12-19T14:38:17","modified_gmt":"2025-12-19T14:38:17","slug":"projekt","status":"publish","type":"page","link":"https:\/\/melkekannen.no\/se\/projekt\/","title":{"rendered":"Projekt"},"content":{"rendered":"\n<div class=\"wp-block-group alignfull has-global-padding is-layout-constrained wp-block-group-is-layout-constrained\" style=\"min-height:105px;padding-top:0;padding-bottom:0\">\n<div class=\"wp-block-group alignfull fixed-menu has-background is-content-justification-space-between is-nowrap is-layout-flex wp-container-core-group-is-layout-b8e0f10f wp-block-group-is-layout-flex\" style=\"background-color:#ffffffde;padding-top:11px;padding-right:var(--wp--preset--spacing--50);padding-bottom:16px\"><div class=\"wp-block-site-logo\"><a href=\"https:\/\/melkekannen.no\/se\/\" class=\"custom-logo-link\" rel=\"home\"><img loading=\"lazy\" decoding=\"async\" width=\"250\" height=\"250\" src=\"https:\/\/melkekannen.no\/se\/wp-content\/uploads\/sites\/3\/2025\/12\/Melkekannen-logo-left-align.svg\" class=\"custom-logo\" alt=\"Melkekannen Sverige\" \/><\/a><\/div>\n\n\n<div class=\"wp-block-group is-nowrap is-layout-flex wp-container-core-group-is-layout-821eebcd wp-block-group-is-layout-flex\" style=\"padding-top:2px;padding-bottom:0\"><nav style=\"font-style:normal;font-weight:400;\" class=\"has-medium-font-size is-responsive items-justified-left mainmenu wp-block-navigation is-content-justification-left is-layout-flex wp-container-core-navigation-is-layout-1a41cf02 wp-block-navigation-is-layout-flex\" aria-label=\"Huvudmeny\" \n\t\t data-wp-interactive=\"core\/navigation\" data-wp-context='{\"overlayOpenedBy\":{\"click\":false,\"hover\":false,\"focus\":false},\"type\":\"overlay\",\"roleAttribute\":\"\",\"ariaLabel\":\"Meny\"}'><button aria-haspopup=\"dialog\" aria-label=\"\u00d6ppna meny\" class=\"wp-block-navigation__responsive-container-open\" \n\t\t\t\tdata-wp-on--click=\"actions.openMenuOnClick\"\n\t\t\t\tdata-wp-on--keydown=\"actions.handleMenuKeydown\"\n\t\t\t><svg width=\"24\" height=\"24\" xmlns=\"http:\/\/www.w3.org\/2000\/svg\" viewBox=\"0 0 24 24\" aria-hidden=\"true\" focusable=\"false\"><path d=\"M4 7.5h16v1.5H4z\"><\/path><path d=\"M4 15h16v1.5H4z\"><\/path><\/svg><\/button>\n\t\t\t\t<div class=\"wp-block-navigation__responsive-container  has-text-color has-contrast-color has-background has-base-background-color\"  id=\"modal-1\" \n\t\t\t\tdata-wp-class--has-modal-open=\"state.isMenuOpen\"\n\t\t\t\tdata-wp-class--is-menu-open=\"state.isMenuOpen\"\n\t\t\t\tdata-wp-watch=\"callbacks.initMenu\"\n\t\t\t\tdata-wp-on--keydown=\"actions.handleMenuKeydown\"\n\t\t\t\tdata-wp-on--focusout=\"actions.handleMenuFocusout\"\n\t\t\t\ttabindex=\"-1\"\n\t\t\t>\n\t\t\t\t\t<div class=\"wp-block-navigation__responsive-close\" tabindex=\"-1\">\n\t\t\t\t\t\t<div class=\"wp-block-navigation__responsive-dialog\" \n\t\t\t\tdata-wp-bind--aria-modal=\"state.ariaModal\"\n\t\t\t\tdata-wp-bind--aria-label=\"state.ariaLabel\"\n\t\t\t\tdata-wp-bind--role=\"state.roleAttribute\"\n\t\t\t>\n\t\t\t\t\t\t\t<button aria-label=\"St\u00e4ng meny\" class=\"wp-block-navigation__responsive-container-close\" \n\t\t\t\tdata-wp-on--click=\"actions.closeMenuOnClick\"\n\t\t\t><svg xmlns=\"http:\/\/www.w3.org\/2000\/svg\" viewBox=\"0 0 24 24\" width=\"24\" height=\"24\" aria-hidden=\"true\" focusable=\"false\"><path d=\"m13.06 12 6.47-6.47-1.06-1.06L12 10.94 5.53 4.47 4.47 5.53 10.94 12l-6.47 6.47 1.06 1.06L12 13.06l6.47 6.47 1.06-1.06L13.06 12Z\"><\/path><\/svg><\/button>\n\t\t\t\t\t\t\t<div class=\"wp-block-navigation__responsive-container-content\" \n\t\t\t\tdata-wp-watch=\"callbacks.focusFirstElement\"\n\t\t\t id=\"modal-1-content\">\n\t\t\t\t\t\t\t\t<ul style=\"font-style:normal;font-weight:400;\" class=\"wp-block-navigation__container has-medium-font-size is-responsive items-justified-left mainmenu wp-block-navigation has-medium-font-size\"><li class=\"has-medium-font-size wp-block-navigation-item wp-block-navigation-link\"><a class=\"wp-block-navigation-item__content\"  href=\"https:\/\/melkekannen.no\/se\/\"><span class=\"wp-block-navigation-item__label\">Hem<\/span><\/a><\/li><li class=\"has-medium-font-size wp-block-navigation-item wp-block-navigation-link\"><a class=\"wp-block-navigation-item__content\"  href=\"https:\/\/melkekannen.no\/se\/projekt\/\"><span class=\"wp-block-navigation-item__label\">Projekt<\/span><\/a><\/li><li class=\"has-medium-font-size wp-block-navigation-item wp-block-navigation-link\"><a class=\"wp-block-navigation-item__content\"  href=\"https:\/\/melkekannen.no\/se\/kontakt\/\"><span class=\"wp-block-navigation-item__label\">Kontakt<\/span><\/a><\/li><li class=\"has-medium-font-size wp-block-navigation-item wp-block-navigation-link\"><a class=\"wp-block-navigation-item__content\"  href=\"https:\/\/melkekannen.no\/se\/om\/\"><span class=\"wp-block-navigation-item__label\">Om<\/span><\/a><\/li><\/ul>\n\t\t\t\t\t\t\t<\/div>\n\t\t\t\t\t\t<\/div>\n\t\t\t\t\t<\/div>\n\t\t\t\t<\/div><\/nav>\n\n<a href=\"https:\/\/melkekannen.no\/en\/\" title=\"en_GB\"><img decoding=\"async\" src=\"https:\/\/melkekannen.no\/se\/wp-content\/plugins\/multisite-language-switcher\/assets\/flags\/gb.png\" alt=\"en_GB\"\/><\/a><a href=\"https:\/\/melkekannen.no\/\" title=\"nb_NO\"><img decoding=\"async\" src=\"https:\/\/melkekannen.no\/se\/wp-content\/plugins\/multisite-language-switcher\/assets\/flags\/no.png\" alt=\"nb_NO\"\/><\/a><\/div>\n<\/div>\n<\/div>\n\n\n\n<div style=\"height:60px\" aria-hidden=\"true\" class=\"wp-block-spacer\"><\/div>\n\n\n\n<h2 class=\"wp-block-heading alignwide has-text-align-left\" style=\"font-size:clamp(3.234rem, 3.234rem + ((1vw - 0.2rem) * 5.123), 6.5rem);font-style:normal;font-weight:700;letter-spacing:-0.03em;line-height:1.4\">Projekt<\/h2>\n\n\n\n<div style=\"height:41px\" aria-hidden=\"true\" class=\"wp-block-spacer\"><\/div>\n\n\n\n<hr class=\"wp-block-separator alignwide has-alpha-channel-opacity\" style=\"margin-top:var(--wp--preset--spacing--50);margin-bottom:var(--wp--preset--spacing--50)\"\/>\n\n\n\n<div class=\"wp-block-group alignfull has-global-padding is-layout-constrained wp-block-group-is-layout-constrained\" style=\"margin-top:0;margin-bottom:0;padding-top:var(--wp--preset--spacing--50);padding-bottom:var(--wp--preset--spacing--50)\">\n<div class=\"wp-block-columns alignwide is-layout-flex wp-container-core-columns-is-layout-19206ade wp-block-columns-is-layout-flex\">\n<div class=\"wp-block-column is-vertically-aligned-center is-layout-flow wp-block-column-is-layout-flow\">\n<h2 class=\"wp-block-heading has-xx-large-font-size\">Vintergatan<\/h2>\n\n\n\n<p class=\"has-large-font-size\">Stugorna ligger mitt i omr\u00e5det L\u00f8kjestaul och med en fantastik utsikt mot Gaustatoppen. Husen ligger mitt i alpinbackarna och l\u00e4ngdsp\u00e5ren passerar precis intill husen.&nbsp;<\/p>\n\n\n\n<p class=\"has-medium-font-size\">Stugorna \u00e4r modernt och smakfullt inredda och har en hemtrevlig atmosf\u00e4r. K\u00f6ken \u00e4r v\u00e4l utrustade, vilket inneb\u00e4r att du kan f\u00f6rv\u00e4nta dig b\u00e5de vassa k\u00f6ksknivar, riktiga stekpannor och champagneglas. Praktiska f\u00f6rvaringsl\u00f6sningar f\u00f6r hela g\u00e4nget finns. Pj\u00e4xv\u00e4rmare, verktyg och skidbod likas\u00e5. Lakan, ved (tre s\u00e4ckar) och st\u00e4dning ing\u00e5r i priset.<\/p>\n\n\n\n<div class=\"wp-block-buttons is-content-justification-left is-layout-flex wp-container-core-buttons-is-layout-fc4fd283 wp-block-buttons-is-layout-flex\">\n<div class=\"wp-block-button\"><a class=\"wp-block-button__link has-small-font-size has-custom-font-size wp-element-button\" href=\"https:\/\/melkekannen.no\/se\/projekt\/vintergatan\" style=\"font-style:normal;font-weight:700\">L\u00e4s mer&#8230;<\/a><\/div>\n<\/div>\n<\/div>\n\n\n\n<div class=\"wp-block-column is-vertically-aligned-center is-layout-flow wp-block-column-is-layout-flow\">\n<div class=\"wp-block-cover tw-stretched-link tw-block-animation tw-animation-scale-in\"><img loading=\"lazy\" decoding=\"async\" width=\"1024\" height=\"1024\" sizes=\"auto, (max-width: 799px) 200vw, (max-width: 1024px) 100vw, 1024px\" class=\"wp-block-cover__image-background wp-image-687 size-full\" alt=\"\" src=\"https:\/\/melkekannen.no\/se\/wp-content\/uploads\/sites\/3\/2025\/12\/ChatGPT-Image-26-sep.-2025-10_15_44.png\" data-object-fit=\"cover\" srcset=\"https:\/\/melkekannen.no\/se\/wp-content\/uploads\/sites\/3\/2025\/12\/ChatGPT-Image-26-sep.-2025-10_15_44.png 1024w, https:\/\/melkekannen.no\/se\/wp-content\/uploads\/sites\/3\/2025\/12\/ChatGPT-Image-26-sep.-2025-10_15_44-300x300.png 300w, https:\/\/melkekannen.no\/se\/wp-content\/uploads\/sites\/3\/2025\/12\/ChatGPT-Image-26-sep.-2025-10_15_44-150x150.png 150w, https:\/\/melkekannen.no\/se\/wp-content\/uploads\/sites\/3\/2025\/12\/ChatGPT-Image-26-sep.-2025-10_15_44-768x768.png 768w\" \/><span aria-hidden=\"true\" class=\"wp-block-cover__background has-contrast-background-color has-background-dim\"><\/span><div class=\"wp-block-cover__inner-container has-global-padding is-layout-constrained wp-block-cover-is-layout-constrained\">\n<p class=\"has-text-align-center has-medium-font-size\" style=\"line-height:1.8\">PROJEKT<\/p>\n\n\n\n<p class=\"has-text-align-center\" style=\"font-size:clamp(1.743rem, 1.743rem + ((1vw - 0.2rem) * 1.972), 3rem);font-style:normal;font-weight:900;line-height:0.2\"><a href=\"https:\/\/melkekannen.no\/se\/projekt\/vintergatan\/\" data-type=\"page\" data-id=\"659\">VINTERGATAN<\/a><\/p>\n\n\n\n<p class=\"has-text-align-center\" style=\"font-size:clamp(3.037rem, 3.037rem + ((1vw - 0.2rem) * 4.648), 6rem);line-height:0.1\">\u2014<\/p>\n\n\n\n<p class=\"has-text-align-center has-medium-font-size\" style=\"margin-top:var(--wp--preset--spacing--30);margin-bottom:var(--wp--preset--spacing--30);font-style:normal;font-weight:500\">D\u00e4r fj\u00e4llet m\u00f6ter stj\u00e4rnorna<\/p>\n<\/div><\/div>\n<\/div>\n<\/div>\n<\/div>\n\n\n\n<hr class=\"wp-block-separator has-alpha-channel-opacity\" style=\"margin-top:var(--wp--preset--spacing--50);margin-bottom:var(--wp--preset--spacing--50)\"\/>\n\n\n\n<div class=\"wp-block-group alignfull has-global-padding is-layout-constrained wp-block-group-is-layout-constrained\" style=\"margin-top:0;margin-bottom:0;padding-top:var(--wp--preset--spacing--50);padding-bottom:var(--wp--preset--spacing--50)\">\n<div class=\"wp-block-columns alignwide is-layout-flex wp-container-core-columns-is-layout-19206ade wp-block-columns-is-layout-flex\">\n<div class=\"wp-block-column is-vertically-aligned-center is-layout-flow wp-block-column-is-layout-flow\">\n<h2 class=\"wp-block-heading has-xx-large-font-size\">Stella<\/h2>\n\n\n\n<p class=\"has-large-font-size\">Genomt\u00e4nkta bost\u00e4der med \u00e4kta stugk\u00e4nsla. Bokstavligen v\u00e4gg i v\u00e4gg med backen och centralt bel\u00e4gna i Hovdestaul, Gausta. H\u00e4r kan dr\u00f6mmar bli verklighet och minnen skapas.<\/p>\n\n\n\n<p class=\"has-medium-font-size\">En l\u00e4genhet i Projekt Stella \u00e4r inte som vilken l\u00e4genhet som helst. Den \u00e4r som en stuga. Den \u00e4r en stj\u00e4rna. En stj\u00e4rna f\u00f6r dig. Ett under av genomt\u00e4nkta l\u00f6sningar och smart planl\u00f6sning. Alla l\u00e4genheter \u00e4r 70 m\u00b2 och har tre sovrum, \u00e5tta b\u00e4ddar, tv\u00e5 badrum, eldstad och bastu. Dessutom finns ett rymligt och fullt utrustat k\u00f6k samt plats f\u00f6r soffa och TV i den stora s\u00e4llskapsytan.<\/p>\n\n\n\n<div class=\"wp-block-buttons is-content-justification-left is-layout-flex wp-container-core-buttons-is-layout-fc4fd283 wp-block-buttons-is-layout-flex\">\n<div class=\"wp-block-button\"><a class=\"wp-block-button__link has-small-font-size has-custom-font-size wp-element-button\" href=\"https:\/\/melkekannen.no\/se\/projekt\/stella\" style=\"font-style:normal;font-weight:700\">L\u00e4s mer&#8230;<\/a><\/div>\n<\/div>\n<\/div>\n\n\n\n<div class=\"wp-block-column is-vertically-aligned-center is-layout-flow wp-block-column-is-layout-flow\">\n<div class=\"wp-block-cover tw-stretched-link tw-block-animation tw-animation-scale-in\"><img loading=\"lazy\" decoding=\"async\" width=\"1024\" height=\"1024\" sizes=\"auto, (max-width: 799px) 200vw, (max-width: 1024px) 100vw, 1024px\" class=\"wp-block-cover__image-background wp-image-442 size-full\" alt=\"\" src=\"https:\/\/melkekannen.no\/en\/wp-content\/uploads\/sites\/4\/2025\/10\/image.png\" data-object-fit=\"cover\" srcset=\"https:\/\/melkekannen.no\/se\/wp-content\/uploads\/sites\/3\/2025\/10\/image.png 1024w, https:\/\/melkekannen.no\/se\/wp-content\/uploads\/sites\/3\/2025\/10\/image-300x300.png 300w, https:\/\/melkekannen.no\/se\/wp-content\/uploads\/sites\/3\/2025\/10\/image-150x150.png 150w, https:\/\/melkekannen.no\/se\/wp-content\/uploads\/sites\/3\/2025\/10\/image-768x768.png 768w\" \/><span aria-hidden=\"true\" class=\"wp-block-cover__background has-contrast-background-color has-background-dim\"><\/span><div class=\"wp-block-cover__inner-container has-global-padding is-layout-constrained wp-block-cover-is-layout-constrained\">\n<p class=\"has-text-align-center has-medium-font-size\" style=\"line-height:1.8\">PROJEKT<\/p>\n\n\n\n<p class=\"has-text-align-center\" style=\"font-size:clamp(1.743rem, 1.743rem + ((1vw - 0.2rem) * 1.972), 3rem);font-style:normal;font-weight:900;line-height:0.2\"><a href=\"https:\/\/melkekannen.no\/en\/projects\/stella\/\" data-type=\"page\" data-id=\"128\">STELLA<\/a><\/p>\n\n\n\n<p class=\"has-text-align-center\" style=\"font-size:clamp(3.037rem, 3.037rem + ((1vw - 0.2rem) * 4.648), 6rem);line-height:0.1\">\u2014<\/p>\n\n\n\n<p class=\"has-text-align-center has-medium-font-size\" style=\"margin-top:var(--wp--preset--spacing--30);margin-bottom:var(--wp--preset--spacing--30);font-style:normal;font-weight:500\">D\u00e4r fj\u00e4llet m\u00f6ter stj\u00e4rnorna<\/p>\n<\/div><\/div>\n<\/div>\n<\/div>\n<\/div>\n\n\n\n<hr class=\"wp-block-separator alignwide has-alpha-channel-opacity\" style=\"margin-top:var(--wp--preset--spacing--50);margin-bottom:var(--wp--preset--spacing--50)\"\/>\n\n\n\n<div style=\"height:60px\" aria-hidden=\"true\" class=\"wp-block-spacer\"><\/div>\n\n\n\n<div class=\"wp-block-buttons is-content-justification-center is-layout-flex wp-container-core-buttons-is-layout-a89b3969 wp-block-buttons-is-layout-flex\">\n<div class=\"wp-block-button\"><a class=\"wp-block-button__link has-small-font-size has-custom-font-size wp-element-button\" href=\"https:\/\/melkekannen.no\/se\/projekt\/kommande\" style=\"font-style:normal;font-weight:700\">Kommande projekt<\/a><\/div>\n<\/div>\n\n\n\n<div style=\"height:140px\" aria-hidden=\"true\" class=\"wp-block-spacer\"><\/div>\n\n\n\n<div class=\"wp-block-group alignfull footer has-global-padding is-layout-constrained wp-container-core-group-is-layout-f8ba8f42 wp-block-group-is-layout-constrained\" style=\"margin-top:0;margin-bottom:0;padding-top:0;padding-right:0;padding-bottom:0;padding-left:0\">\n<div class=\"wp-block-group alignfull has-contrast-background-color has-background is-content-justification-space-between is-nowrap is-layout-flex wp-container-core-group-is-layout-7c239bb2 wp-block-group-is-layout-flex\" style=\"padding-top:var(--wp--preset--spacing--60);padding-right:var(--wp--preset--spacing--80);padding-bottom:var(--wp--preset--spacing--60);padding-left:var(--wp--preset--spacing--50)\">\n<div class=\"wp-block-group alignwide is-nowrap is-layout-flex wp-container-core-group-is-layout-6c531013 wp-block-group-is-layout-flex\">\n<figure class=\"wp-block-image alignright size-large is-resized\"><img loading=\"lazy\" decoding=\"async\" width=\"100\" height=\"100\" src=\"https:\/\/melkekannen.no\/se\/wp-content\/uploads\/2025\/04\/melkekannan-logo-white.svg\" alt=\"\" class=\"wp-image-158\" style=\"width:113px;height:auto\"\/><\/figure>\n\n\n\n<div class=\"wp-block-group is-vertical is-content-justification-stretch is-layout-flex wp-container-core-group-is-layout-353c4f5a wp-block-group-is-layout-flex\">\n<p class=\"is-style-text-subtitle has-base-color has-text-color has-link-color has-medium-font-size wp-elements-519b7b685f71695f476afa9d696b389a is-style-text-subtitle--2\" style=\"font-style:normal;font-weight:700;line-height:0.9\">Melkekannen Fjellhytter AS<\/p>\n\n\n\n<p class=\"is-style-text-subtitle has-base-color has-text-color has-link-color has-small-font-size wp-elements-b6046b760ffaf99d9fff78b03e71d431 is-style-text-subtitle--3\">Sam Eydes Gate 120<br>3660 Rjukan<\/p>\n<\/div>\n<\/div>\n\n\n\n<div class=\"wp-block-group alignwide is-nowrap is-layout-flex wp-container-core-group-is-layout-6c531013 wp-block-group-is-layout-flex\"><nav style=\"font-style:normal;font-weight:400;\" class=\"has-text-color has-base-color has-medium-font-size is-responsive  is-vertical footermenu wp-block-navigation is-layout-flex wp-container-core-navigation-is-layout-19f202c9 wp-block-navigation-is-layout-flex\" aria-label=\"Huvudmeny 2\" \n\t\t data-wp-interactive=\"core\/navigation\" data-wp-context='{\"overlayOpenedBy\":{\"click\":false,\"hover\":false,\"focus\":false},\"type\":\"overlay\",\"roleAttribute\":\"\",\"ariaLabel\":\"Meny\"}'><button aria-haspopup=\"dialog\" aria-label=\"\u00d6ppna meny\" class=\"wp-block-navigation__responsive-container-open\" \n\t\t\t\tdata-wp-on--click=\"actions.openMenuOnClick\"\n\t\t\t\tdata-wp-on--keydown=\"actions.handleMenuKeydown\"\n\t\t\t><svg width=\"24\" height=\"24\" xmlns=\"http:\/\/www.w3.org\/2000\/svg\" viewBox=\"0 0 24 24\" aria-hidden=\"true\" focusable=\"false\"><path d=\"M4 7.5h16v1.5H4z\"><\/path><path d=\"M4 15h16v1.5H4z\"><\/path><\/svg><\/button>\n\t\t\t\t<div class=\"wp-block-navigation__responsive-container  has-text-color has-contrast-color has-background has-base-background-color\"  id=\"modal-4\" \n\t\t\t\tdata-wp-class--has-modal-open=\"state.isMenuOpen\"\n\t\t\t\tdata-wp-class--is-menu-open=\"state.isMenuOpen\"\n\t\t\t\tdata-wp-watch=\"callbacks.initMenu\"\n\t\t\t\tdata-wp-on--keydown=\"actions.handleMenuKeydown\"\n\t\t\t\tdata-wp-on--focusout=\"actions.handleMenuFocusout\"\n\t\t\t\ttabindex=\"-1\"\n\t\t\t>\n\t\t\t\t\t<div class=\"wp-block-navigation__responsive-close\" tabindex=\"-1\">\n\t\t\t\t\t\t<div class=\"wp-block-navigation__responsive-dialog\" \n\t\t\t\tdata-wp-bind--aria-modal=\"state.ariaModal\"\n\t\t\t\tdata-wp-bind--aria-label=\"state.ariaLabel\"\n\t\t\t\tdata-wp-bind--role=\"state.roleAttribute\"\n\t\t\t>\n\t\t\t\t\t\t\t<button aria-label=\"St\u00e4ng meny\" class=\"wp-block-navigation__responsive-container-close\" \n\t\t\t\tdata-wp-on--click=\"actions.closeMenuOnClick\"\n\t\t\t><svg xmlns=\"http:\/\/www.w3.org\/2000\/svg\" viewBox=\"0 0 24 24\" width=\"24\" height=\"24\" aria-hidden=\"true\" focusable=\"false\"><path d=\"m13.06 12 6.47-6.47-1.06-1.06L12 10.94 5.53 4.47 4.47 5.53 10.94 12l-6.47 6.47 1.06 1.06L12 13.06l6.47 6.47 1.06-1.06L13.06 12Z\"><\/path><\/svg><\/button>\n\t\t\t\t\t\t\t<div class=\"wp-block-navigation__responsive-container-content\" \n\t\t\t\tdata-wp-watch=\"callbacks.focusFirstElement\"\n\t\t\t id=\"modal-4-content\">\n\t\t\t\t\t\t\t\t<ul style=\"font-style:normal;font-weight:400;\" class=\"wp-block-navigation__container has-text-color has-base-color has-medium-font-size is-responsive  is-vertical footermenu wp-block-navigation has-medium-font-size\"><li class=\"has-medium-font-size wp-block-navigation-item wp-block-navigation-link\"><a class=\"wp-block-navigation-item__content\"  href=\"https:\/\/melkekannen.no\/se\/\"><span class=\"wp-block-navigation-item__label\">Hem<\/span><\/a><\/li><li class=\"has-medium-font-size wp-block-navigation-item wp-block-navigation-link\"><a class=\"wp-block-navigation-item__content\"  href=\"https:\/\/melkekannen.no\/se\/projekt\/\"><span class=\"wp-block-navigation-item__label\">Projekt<\/span><\/a><\/li><li class=\"has-medium-font-size wp-block-navigation-item wp-block-navigation-link\"><a class=\"wp-block-navigation-item__content\"  href=\"https:\/\/melkekannen.no\/se\/kontakt\/\"><span class=\"wp-block-navigation-item__label\">Kontakt<\/span><\/a><\/li><li class=\"has-medium-font-size wp-block-navigation-item wp-block-navigation-link\"><a class=\"wp-block-navigation-item__content\"  href=\"https:\/\/melkekannen.no\/se\/om\/\"><span class=\"wp-block-navigation-item__label\">Om<\/span><\/a><\/li><\/ul>\n\t\t\t\t\t\t\t<\/div>\n\t\t\t\t\t\t<\/div>\n\t\t\t\t\t<\/div>\n\t\t\t\t<\/div><\/nav><\/div>\n<\/div>\n<\/div>\n","protected":false},"excerpt":{"rendered":"<p>Projekt Vintergatan Stugorna ligger mitt i omr\u00e5det L\u00f8kjestaul och med en fantastik utsikt mot Gaustatoppen. Husen ligger mitt i alpinbackarna och l\u00e4ngdsp\u00e5ren passerar precis intill husen.&nbsp; Stugorna \u00e4r modernt och smakfullt inredda och har en hemtrevlig atmosf\u00e4r. K\u00f6ken \u00e4r v\u00e4l utrustade, vilket inneb\u00e4r att du kan f\u00f6rv\u00e4nta dig b\u00e5de vassa k\u00f6ksknivar, riktiga stekpannor och champagneglas. [&hellip;]<\/p>\n","protected":false},"author":1,"featured_media":0,"parent":0,"menu_order":1,"comment_status":"closed","ping_status":"closed","template":"empty","meta":{"inline_featured_image":false,"footnotes":""},"class_list":["post-697","page","type-page","status-publish","hentry"],"_links":{"self":[{"href":"https:\/\/melkekannen.no\/se\/wp-json\/wp\/v2\/pages\/697","targetHints":{"allow":["GET"]}}],"collection":[{"href":"https:\/\/melkekannen.no\/se\/wp-json\/wp\/v2\/pages"}],"about":[{"href":"https:\/\/melkekannen.no\/se\/wp-json\/wp\/v2\/types\/page"}],"author":[{"embeddable":true,"href":"https:\/\/melkekannen.no\/se\/wp-json\/wp\/v2\/users\/1"}],"replies":[{"embeddable":true,"href":"https:\/\/melkekannen.no\/se\/wp-json\/wp\/v2\/comments?post=697"}],"version-history":[{"count":6,"href":"https:\/\/melkekannen.no\/se\/wp-json\/wp\/v2\/pages\/697\/revisions"}],"predecessor-version":[{"id":743,"href":"https:\/\/melkekannen.no\/se\/wp-json\/wp\/v2\/pages\/697\/revisions\/743"}],"wp:attachment":[{"href":"https:\/\/melkekannen.no\/se\/wp-json\/wp\/v2\/media?parent=697"}],"curies":[{"name":"wp","href":"https:\/\/api.w.org\/{rel}","templated":true}]}}